{"id":1094,"date":"2009-03-09T21:39:10","date_gmt":"2009-03-09T20:39:10","guid":{"rendered":"http:\/\/www.ensafh.nl\/dev\/?page_id=1094"},"modified":"2022-11-07T18:35:14","modified_gmt":"2022-11-07T17:35:14","slug":"kontakt","status":"publish","type":"page","link":"https:\/\/www.ensafh.nl\/?page_id=1094","title":{"rendered":"Kontakt"},"content":{"rendered":"<p>&nbsp;<\/p>\n<p>&nbsp;<\/p>\n<p><strong>Redaksje<\/strong><\/p>\n<p>As jo kopij ynstjoere of kontakt ha wolle mei de redaksje (sjoch ek \u00fbnder <strong>kolofon<\/strong>) kinne jo maile nei:<br \/>\n<strong><a href=\"mailto:redaksje@ensafh.nl\" target=\"_blank\" rel=\"noopener\">redaksje@ensafh.nl<\/a><\/strong><\/p>\n<p><strong>Redaksjeskriuwer:<\/strong><\/p>\n<p>Edwin de Groot<br \/>\nTsjerkepaad 1<br \/>\n8465 PD Aldehaske<br \/>\nTel 0513-627779<\/p>\n<p><strong><br \/>\nUtjouwer:<\/strong><\/p>\n<p>Foar kontakt mei de \u00fatjouwer (sjoch ek \u00fbnder <strong>kolofon<\/strong>) kinne jo maile nei:<br \/>\n<strong><a href=\"mailto:pboersma@xs4all.nl\" target=\"_blank\" rel=\"noopener\">pboersma@xs4all.nl<\/a><\/strong><\/p>\n<p><strong><br \/>\nAbonneminten:<\/strong><\/p>\n<p>Foar abonnemintssaken (sjoch ek \u00fbnder <strong>abonnemint<\/strong>) kinne jo maile nei:<br \/>\n<strong><a href=\"mailto:abonnemintenensafh@hispel.nl\" target=\"_blank\" rel=\"noopener\"><span class=\"username\">abonnemintenensafh@hispel.nl<\/span><\/a><\/strong><\/p>\n","protected":false},"excerpt":{"rendered":"<p>&nbsp; &nbsp; Redaksje As jo kopij ynstjoere of kontakt ha wolle mei de redaksje (sjoch ek \u00fbnder kolofon) kinne jo maile nei: redaksje@ensafh.nl Redaksjeskriuwer: Edwin de Groot Tsjerkepaad 1 8465 PD Aldehaske Tel 0513-627779 Utjouwer: Foar kontakt mei de \u00fatjouwer (sjoch ek \u00fbnder kolofon) kinne jo maile nei: pboersma@xs4all.nl Abonneminten: Foar abonnemintssaken (sjoch ek \u00fbnder abonnemint) kinne jo maile nei: abonnemintenensafh@hispel.nl<\/p>\n","protected":false},"author":1,"featured_media":0,"parent":0,"menu_order":0,"comment_status":"open","ping_status":"open","template":"sidebar-page.php","meta":{"footnotes":""},"class_list":["post-1094","page","type-page","status-publish","hentry"],"jetpack_sharing_enabled":true,"_links":{"self":[{"href":"https:\/\/www.ensafh.nl\/index.php?rest_route=\/wp\/v2\/pages\/1094","targetHints":{"allow":["GET"]}}],"collection":[{"href":"https:\/\/www.ensafh.nl\/index.php?rest_route=\/wp\/v2\/pages"}],"about":[{"href":"https:\/\/www.ensafh.nl\/index.php?rest_route=\/wp\/v2\/types\/page"}],"author":[{"embeddable":true,"href":"https:\/\/www.ensafh.nl\/index.php?rest_route=\/wp\/v2\/users\/1"}],"replies":[{"embeddable":true,"href":"https:\/\/www.ensafh.nl\/index.php?rest_route=%2Fwp%2Fv2%2Fcomments&post=1094"}],"version-history":[{"count":0,"href":"https:\/\/www.ensafh.nl\/index.php?rest_route=\/wp\/v2\/pages\/1094\/revisions"}],"wp:attachment":[{"href":"https:\/\/www.ensafh.nl\/index.php?rest_route=%2Fwp%2Fv2%2Fmedia&parent=1094"}],"curies":[{"name":"wp","href":"https:\/\/api.w.org\/{rel}","templated":true}]}}