{"id":28066,"date":"2009-03-13T16:56:43","date_gmt":"2009-03-13T15:56:43","guid":{"rendered":"http:\/\/www.ensafh.nl\/?page_id=1114"},"modified":"2023-11-01T14:16:43","modified_gmt":"2023-11-01T13:16:43","slug":"abonnemint-2","status":"publish","type":"page","link":"https:\/\/www.ensafh.nl\/?page_id=28066","title":{"rendered":"Abonnemint en losse n\u00fbmers"},"content":{"rendered":"<p><strong>ensa<em>fh<\/em><\/strong> ferskynt 6 kear as printe tydskrift<\/p>\n<p>Foar it nimmen fan in abonnemint op it printe tydskrift kinne jo maile nei:<\/p>\n<div class=\"topright\"><a href=\"mailto:abonnemintenensafh@hispel.nl\" target=\"_blank\" rel=\"noopener\"><span class=\"username\">abonnemintenensafh@hispel.nl<\/span><\/a><\/div>\n<p>De kosten foar in abonnemint binne:<\/p>\n<table>\n<tbody>\n<tr>\n<td width=\"30%\">jierabonnemint<\/td>\n<td width=\"30%\">\u20ac 38,00<\/td>\n<\/tr>\n<tr>\n<td>jierabonnemint studinten<\/td>\n<td>\u20ac 24,00<\/td>\n<\/tr>\n<tr>\n<td>jierabonnemint b\u00fbtenl\u00e2n<\/td>\n<td>\u20ac 60,00<\/td>\n<\/tr>\n<tr>\n<td>proefabonnemint (2 n\u00fbmers)<\/td>\n<td>\u20ac 10,00<\/td>\n<\/tr>\n<\/tbody>\n<\/table>\n<p>De priis fan losse n\u00fbmers is \u20ac 7,25 Losse n\u00fbmers binne te bestellen fia <b>info@hispel.nl&nbsp; <\/b>en te keap by de Af\u00fbk-winkel yn Ljouwert (yn de Af\u00fbkwinkel of op webside websjop.afuk.frl<\/p>\n<p>&nbsp;<\/p>\n<p>&nbsp;<\/p>\n","protected":false},"excerpt":{"rendered":"<p>ensafh ferskynt 6 kear as printe tydskrift Foar it nimmen fan in abonnemint op it printe tydskrift kinne jo maile nei: abonnemintenensafh@hispel.nl De kosten foar in abonnemint binne: jierabonnemint \u20ac 38,00 jierabonnemint studinten \u20ac 24,00 jierabonnemint b\u00fbtenl\u00e2n \u20ac 60,00 proefabonnemint (2 n\u00fbmers) \u20ac 10,00 De priis fan losse n\u00fbmers is \u20ac 7,25 Losse n\u00fbmers binne te bestellen fia info@hispel.nl&nbsp; en te keap by de Af\u00fbk-winkel yn Ljouwert (yn de Af\u00fbkwinkel of op webside websjop.afuk.frl &nbsp; &nbsp;<\/p>\n","protected":false},"author":1,"featured_media":0,"parent":0,"menu_order":0,"comment_status":"open","ping_status":"open","template":"sidebar-page.php","meta":{"footnotes":""},"class_list":["post-28066","page","type-page","status-publish","hentry"],"jetpack_sharing_enabled":true,"_links":{"self":[{"href":"https:\/\/www.ensafh.nl\/index.php?rest_route=\/wp\/v2\/pages\/28066","targetHints":{"allow":["GET"]}}],"collection":[{"href":"https:\/\/www.ensafh.nl\/index.php?rest_route=\/wp\/v2\/pages"}],"about":[{"href":"https:\/\/www.ensafh.nl\/index.php?rest_route=\/wp\/v2\/types\/page"}],"author":[{"embeddable":true,"href":"https:\/\/www.ensafh.nl\/index.php?rest_route=\/wp\/v2\/users\/1"}],"replies":[{"embeddable":true,"href":"https:\/\/www.ensafh.nl\/index.php?rest_route=%2Fwp%2Fv2%2Fcomments&post=28066"}],"version-history":[{"count":0,"href":"https:\/\/www.ensafh.nl\/index.php?rest_route=\/wp\/v2\/pages\/28066\/revisions"}],"wp:attachment":[{"href":"https:\/\/www.ensafh.nl\/index.php?rest_route=%2Fwp%2Fv2%2Fmedia&parent=28066"}],"curies":[{"name":"wp","href":"https:\/\/api.w.org\/{rel}","templated":true}]}}