{"id":605,"date":"2008-02-01T23:04:57","date_gmt":"2008-02-01T22:04:57","guid":{"rendered":"http:\/\/farsk.nl\/kolofon\/"},"modified":"2024-11-14T11:45:59","modified_gmt":"2024-11-14T10:45:59","slug":"kolofon","status":"publish","type":"page","link":"https:\/\/www.ensafh.nl\/?page_id=605","title":{"rendered":"Kolofon"},"content":{"rendered":"<p><strong>ensa<em>fh<\/em><\/strong> is in Frysk liter\u00ear ynternettydskrift. Om \u2019e trije dagen ferskine nije bydragen.<br \/>\nOp ensafh.nl binne gedichten, ferhalen, kollums, liter\u00eare besprekken, essees en mieningsfoarming te l\u00eazen. <strong>ensa<em>fh<\/em><\/strong> hat de ambysje om in digitaal literatuerplein te w\u00eazen.<\/p>\n<p><strong>ensa<em>fh<\/em><\/strong> is \u00fbntstien \u00fat de f\u00fazje fan ynternet-tydskrift Farsk en it yn druk ferskinende tydskrift Hjir. Fan <strong>ensa<em>fh<\/em><\/strong> komme 6 n\u00fbmers op papier. <strong>ensa<em>fh<\/em><\/strong>-ynternet is frij tagonklik, de papieren n\u00fbmers kin in abonnemint (sjoch by <a href=\"http:\/\/www.ensafh.nl\/?page_id=28066\" target=\"_blank\" rel=\"noopener noreferrer\">abonnemint<\/a>) op nommen wurde en dy n\u00fbmers binne ek yn de boekhannel te keap.<br \/>\nEnsafh-op-ynternet en de papieren n\u00fbmers ferskille ynh\u00e2ldlik fan inoar, mar inkeld ris stiet der wat yn in papieren n\u00fbmer dat ek op \u2019e ynternetside te finen is en oarsom.<\/p>\n<p>Auteurs wurde \u00fatnoege om kopij yn te stjoeren. Mail foar it ferstjoeren fan kopij nei redaksje@ensafh.nl De redaksje bepaalt yn prinsipe oft in bydrage op ynternet of yn in printe n\u00fbmer publisearre wurdt.<\/p>\n<p><strong>Redaksjegearstalling Novimber 2024<br \/>\n<\/strong><\/p>\n<p>Piter Boersma: haadredakteur<br \/>\nCornelis van der Wal: reachmaster en einredakteur ensafh-ynternet<br \/>\nImke Hooijenga<br \/>\nEdwin de Groot: redaksjeskriuwer<br \/>\nJelma Knol<br \/>\nAnne Feddema<br \/>\nMichel Dijkstra<br \/>\nMyrte Marije Veenbaas: einredakteur ensafh-op-papier<br \/>\nGabri\u00eblle Terpstra<\/p>\n<div id=\"attachment_69582\" style=\"width: 594px\" class=\"wp-caption alignnone\"><img loading=\"lazy\" decoding=\"async\" aria-describedby=\"caption-attachment-69582\" class=\"wp-image-69582 size-large\" src=\"https:\/\/www.ensafh.nl\/wp-content\/uploads\/2024\/11\/IMG_6982-1024x940.jpg\" alt=\"\" width=\"584\" height=\"536\" srcset=\"https:\/\/www.ensafh.nl\/wp-content\/uploads\/2024\/11\/IMG_6982-1024x940.jpg 1024w, https:\/\/www.ensafh.nl\/wp-content\/uploads\/2024\/11\/IMG_6982-300x276.jpg 300w, https:\/\/www.ensafh.nl\/wp-content\/uploads\/2024\/11\/IMG_6982-768x705.jpg 768w, https:\/\/www.ensafh.nl\/wp-content\/uploads\/2024\/11\/IMG_6982-1536x1411.jpg 1536w, https:\/\/www.ensafh.nl\/wp-content\/uploads\/2024\/11\/IMG_6982-2048x1881.jpg 2048w, https:\/\/www.ensafh.nl\/wp-content\/uploads\/2024\/11\/IMG_6982-327x300.jpg 327w\" sizes=\"auto, (max-width: 584px) 100vw, 584px\" \/><p id=\"caption-attachment-69582\" class=\"wp-caption-text\">Foaroan fan lofts nei rjochts: Myrte Marije Veenbaas en Imke Hooijenga. Efteroan fan lofts nei rjochts: Cornelis van der Wal, Piter Boersma, Anne Feddema, Edwin de Groot, Gabri\u00eblle Terpstra, Jelma Knol en Michel Dijkstra.<\/p><\/div>\n<p>&nbsp;<\/p>\n<p><strong><em>ensafh<\/em><\/strong> wurdt subsidiearre troch de provinsje Frysl\u00e2n en it Nederlands Letterenfonds.<\/p>\n<p><img loading=\"lazy\" decoding=\"async\" class=\"alignnone wp-image-48733 size-medium\" src=\"http:\/\/www.ensafh.nl\/wp-content\/uploads\/2008\/02\/Logo_fryslan-215kb-2-300x70.jpg\" alt=\"\" width=\"300\" height=\"70\" srcset=\"https:\/\/www.ensafh.nl\/wp-content\/uploads\/2008\/02\/Logo_fryslan-215kb-2-300x70.jpg 300w, https:\/\/www.ensafh.nl\/wp-content\/uploads\/2008\/02\/Logo_fryslan-215kb-2-768x180.jpg 768w, https:\/\/www.ensafh.nl\/wp-content\/uploads\/2008\/02\/Logo_fryslan-215kb-2-1024x239.jpg 1024w, https:\/\/www.ensafh.nl\/wp-content\/uploads\/2008\/02\/Logo_fryslan-215kb-2-500x117.jpg 500w\" sizes=\"auto, (max-width: 300px) 100vw, 300px\" \/><\/p>\n<p><img loading=\"lazy\" decoding=\"async\" class=\"alignnone wp-image-48732 size-medium\" src=\"http:\/\/www.ensafh.nl\/wp-content\/uploads\/2008\/02\/Nederlands-Letterenfonds-logo-BW-1-300x143.jpg\" alt=\"\" width=\"300\" height=\"143\" srcset=\"https:\/\/www.ensafh.nl\/wp-content\/uploads\/2008\/02\/Nederlands-Letterenfonds-logo-BW-1-300x143.jpg 300w, https:\/\/www.ensafh.nl\/wp-content\/uploads\/2008\/02\/Nederlands-Letterenfonds-logo-BW-1-768x366.jpg 768w, https:\/\/www.ensafh.nl\/wp-content\/uploads\/2008\/02\/Nederlands-Letterenfonds-logo-BW-1-500x238.jpg 500w, https:\/\/www.ensafh.nl\/wp-content\/uploads\/2008\/02\/Nederlands-Letterenfonds-logo-BW-1.jpg 824w\" sizes=\"auto, (max-width: 300px) 100vw, 300px\" \/><\/p>\n<p><strong>ensa<em>fh<\/em><\/strong> wurdt \u00fatj\u00fbn troch de Stichting Hispel.<\/p>\n<p>Adres stichting Hispel: Driehovenlaan 32 3632 BL Loenen aan de Vecht; pboersma@xs4all.nl; tel 058-2501475, <a href=\"http:\/\/www.hispel.nl\" target=\"_blank\" rel=\"noopener noreferrer\">www.hispel.nl<\/a><\/p>\n<p>\u00a9 Neat fan dizze webside mei oernaam en fermannichf\u00e2ldige, publisearre of op in webside set wurde s\u00fbnder skriftlike tastimming fan de auteur.<\/p>\n<p><em>Partner: Nederlands Po\u00ebzie Encyclopedie<\/em><\/p>\n<p>&nbsp;<\/p>\n<p>\u2013<\/p>\n<div>\n<p>English<\/p>\n<p class=\"\"><strong>ensa<em>fh<\/em> <\/strong>is a Frisian literary magazine. Every three days a new issue is published on the&nbsp;<strong>ensa<em>fh<\/em> <\/strong> internet site, presenting poems, stories, columns, literary reviews, essays, and interviews. But that\u2019s not all. On the&nbsp;<strong>ensa<em>fh<\/em> <\/strong> site, additional features (news, calendar, announcements, blog excerpts, podium, and commentary) provide news, discussions, and public opinion related to literary matters.&nbsp;<strong>ensa<em>fh<\/em> <\/strong>\u2019s aim is to provide a forum for digital literary interchange.<\/p>\n<p class=\"\"><strong>ensa<em>fh<\/em> <\/strong> (starting in 2009) was the result of a merger process of internet magazine <em>Farsk<\/em> and magazine <em>Hjir<\/em> (paper editions).&nbsp;<strong>ensa<em>fh<\/em> <\/strong> publishes 6 paper editions per year.&nbsp;<strong>ensa<em>fh<\/em> <\/strong>internet is for free. You can subscribe for the paper editions (see&nbsp;<a href=\"http:\/\/www.ensafh.nl\/?page_id=28066\" target=\"_blank\" rel=\"noopener noreferrer\">subscription<\/a>&nbsp;<strong>ensa<em>fh<\/em> <\/strong>internet and the paper editions have different content, only in exceptional cases contributions are published on the internet as well as on paper.<\/p>\n<p class=\"\">Authors of Frisian literature, translators of Frisian literature and authors writing about Frisian literature are invited to send in their submissions.&nbsp; Mail to <strong>ensa<em>fh<\/em> <\/strong>to send in your submission: redaksje@ensafh.nl<\/p>\n<p class=\"\"><strong>ensa<em>fh<\/em> <\/strong> is subsidized by the Province of Friesland and the Nederlands Letterenfonds<\/p>\n<p class=\"\">Published with support of the Stichting Kristlik Frysk Folksboek.<\/p>\n<p class=\"\"><strong>ensa<em>fh<\/em> <\/strong> is published by Stichting Hispel.<\/p>\n<p class=\"\">Address of Stichting Hispel: Driehovenlaan 32, 3632 BL Loenen aan de Vecht, Netherlands; pboersma@xs4all.nl; tel +31 (0)294-769096, <a href=\"http:\/\/www.hispel.nl\/\" target=\"_blank\" rel=\"noopener noreferrer\">www.hispel.nl<\/a><\/p>\n<p class=\"\">\u00a9 Nothing of this website may be copied, multiplied, published without written permission of the author.<\/p>\n<div>\n<p><em>Partner: Nederlands Po\u00ebzie Encyclopedie<\/em><\/p>\n<\/div>\n<\/div>\n<p><a href=\"www.nederlandsepoezie.eu\" target=\"_blank\" rel=\"noopener noreferrer\"><img loading=\"lazy\" decoding=\"async\" class=\"alignnone size-full wp-image-27399\" src=\"http:\/\/www.ensafh.nl\/wp-content\/uploads\/2008\/02\/NPE_logo_droogsite.jpg\" alt=\"NPE_logo_droogsite\" width=\"235\" height=\"87\"><\/a>r:<\/p>\n","protected":false},"excerpt":{"rendered":"<p>ensafh is in Frysk liter\u00ear ynternettydskrift. Om \u2019e trije dagen ferskine nije bydragen. Op ensafh.nl binne gedichten, ferhalen, kollums, liter\u00eare besprekken, essees en mieningsfoarming te l\u00eazen. ensafh hat de ambysje om in digitaal literatuerplein te w\u00eazen. ensafh is \u00fbntstien \u00fat de f\u00fazje fan ynternet-tydskrift Farsk en it yn druk ferskinende tydskrift Hjir. Fan ensafh komme 6 n\u00fbmers op papier. ensafh-ynternet is frij tagonklik, de papieren n\u00fbmers kin in abonnemint (sjoch by abonnemint) op nommen wurde en dy n\u00fbmers binne ek yn de boekhannel te keap. Ensafh-op-ynternet en de papieren n\u00fbmers ferskille ynh\u00e2ldlik fan inoar, mar inkeld ris stiet der wat &hellip; <a href=\"https:\/\/www.ensafh.nl\/?page_id=605\">L\u00eas fierder <span class=\"meta-nav\">&rarr;<\/span><\/a><\/p>\n","protected":false},"author":1,"featured_media":0,"parent":0,"menu_order":0,"comment_status":"open","ping_status":"closed","template":"sidebar-page.php","meta":{"footnotes":""},"class_list":["post-605","page","type-page","status-publish","hentry"],"jetpack_sharing_enabled":true,"_links":{"self":[{"href":"https:\/\/www.ensafh.nl\/index.php?rest_route=\/wp\/v2\/pages\/605","targetHints":{"allow":["GET"]}}],"collection":[{"href":"https:\/\/www.ensafh.nl\/index.php?rest_route=\/wp\/v2\/pages"}],"about":[{"href":"https:\/\/www.ensafh.nl\/index.php?rest_route=\/wp\/v2\/types\/page"}],"author":[{"embeddable":true,"href":"https:\/\/www.ensafh.nl\/index.php?rest_route=\/wp\/v2\/users\/1"}],"replies":[{"embeddable":true,"href":"https:\/\/www.ensafh.nl\/index.php?rest_route=%2Fwp%2Fv2%2Fcomments&post=605"}],"version-history":[{"count":0,"href":"https:\/\/www.ensafh.nl\/index.php?rest_route=\/wp\/v2\/pages\/605\/revisions"}],"wp:attachment":[{"href":"https:\/\/www.ensafh.nl\/index.php?rest_route=%2Fwp%2Fv2%2Fmedia&parent=605"}],"curies":[{"name":"wp","href":"https:\/\/api.w.org\/{rel}","templated":true}]}}